{"id":512,"date":"2024-09-30T21:51:41","date_gmt":"2024-09-30T19:51:41","guid":{"rendered":"https:\/\/hdlogistics.konzeptdrei.de\/?page_id=512"},"modified":"2025-12-02T07:10:09","modified_gmt":"2025-12-02T06:10:09","slug":"agb","status":"publish","type":"page","link":"https:\/\/www.hd-logistics.de\/en\/agb\/","title":{"rendered":"AGB"},"content":{"rendered":"<div data-elementor-type=\"wp-page\" data-elementor-id=\"512\" class=\"elementor elementor-512\" data-elementor-post-type=\"page\">\n\t\t\t\t\t\t<section class=\"elementor-section elementor-top-section elementor-element elementor-element-881d2ec elementor-section-full_width elementor-section-height-default elementor-section-height-default\" data-id=\"881d2ec\" data-element_type=\"section\" data-e-type=\"section\" data-settings=\"{&quot;background_background&quot;:&quot;classic&quot;}\">\n\t\t\t\t\t\t<div class=\"elementor-container elementor-column-gap-no\">\n\t\t\t\t\t<div class=\"elementor-column elementor-col-100 elementor-top-column elementor-element elementor-element-01e33b8\" data-id=\"01e33b8\" data-element_type=\"column\" data-e-type=\"column\">\n\t\t\t<div class=\"elementor-widget-wrap elementor-element-populated\">\n\t\t\t\t\t\t<div class=\"elementor-element elementor-element-bdba3e6 elementor-widget elementor-widget-image\" data-id=\"bdba3e6\" data-element_type=\"widget\" data-e-type=\"widget\" data-widget_type=\"image.default\">\n\t\t\t\t<div class=\"elementor-widget-container\">\n\t\t\t\t\t\t\t\t\t\t\t\t\t\t\t<img fetchpriority=\"high\" decoding=\"async\" width=\"1920\" height=\"960\" src=\"https:\/\/www.hd-logistics.de\/wp-content\/uploads\/2024\/10\/hdlogistic_header_2.png\" class=\"attachment-full size-full wp-image-582\" alt=\"\u00a9 Copyright EMPL Fahrzeugwerk - https:\/\/www.empl.at\/\" srcset=\"https:\/\/www.hd-logistics.de\/wp-content\/uploads\/2024\/10\/hdlogistic_header_2.png 1920w, https:\/\/www.hd-logistics.de\/wp-content\/uploads\/2024\/10\/hdlogistic_header_2-300x150.png 300w, https:\/\/www.hd-logistics.de\/wp-content\/uploads\/2024\/10\/hdlogistic_header_2-1024x512.png 1024w, https:\/\/www.hd-logistics.de\/wp-content\/uploads\/2024\/10\/hdlogistic_header_2-768x384.png 768w, https:\/\/www.hd-logistics.de\/wp-content\/uploads\/2024\/10\/hdlogistic_header_2-1536x768.png 1536w, https:\/\/www.hd-logistics.de\/wp-content\/uploads\/2024\/10\/hdlogistic_header_2-18x9.png 18w\" sizes=\"(max-width: 1920px) 100vw, 1920px\" \/>\t\t\t\t\t\t\t\t\t\t\t\t\t\t\t<\/div>\n\t\t\t\t<\/div>\n\t\t\t\t\t<\/div>\n\t\t<\/div>\n\t\t\t\t\t<\/div>\n\t\t<\/section>\n\t\t\t\t<section class=\"elementor-section elementor-top-section elementor-element elementor-element-206eb1e elementor-section-boxed elementor-section-height-default elementor-section-height-default\" data-id=\"206eb1e\" data-element_type=\"section\" data-e-type=\"section\">\n\t\t\t\t\t\t<div class=\"elementor-container elementor-column-gap-default\">\n\t\t\t\t\t<div class=\"elementor-column elementor-col-100 elementor-top-column elementor-element elementor-element-b839d9f\" data-id=\"b839d9f\" data-element_type=\"column\" data-e-type=\"column\">\n\t\t\t<div class=\"elementor-widget-wrap elementor-element-populated\">\n\t\t\t\t\t\t<div class=\"elementor-element elementor-element-d739e2b elementor-widget elementor-widget-heading\" data-id=\"d739e2b\" data-element_type=\"widget\" data-e-type=\"widget\" data-widget_type=\"heading.default\">\n\t\t\t\t<div class=\"elementor-widget-container\">\n\t\t\t\t\t<h2 class=\"elementor-heading-title elementor-size-default\">general terms and conditions<\/h2>\t\t\t\t<\/div>\n\t\t\t\t<\/div>\n\t\t\t\t<div class=\"elementor-element elementor-element-8434aff elementor-widget elementor-widget-text-editor\" data-id=\"8434aff\" data-element_type=\"widget\" data-e-type=\"widget\" data-widget_type=\"text-editor.default\">\n\t\t\t\t<div class=\"elementor-widget-container\">\n\t\t\t\t\t\t\t\t\t<p class=\"translation-block\">we work exclusively on the basis of the latest version of the <strong>General German Freight Forwarding Conditions<\/strong> \u2013 <strong>ADSp<\/strong>.<\/p><p>these limit the statutory liability for damage to goods in accordance with Section 431 of the German Commercial Code (HGB) to EUR 5\/kg in clause 23 of the ADSp for damage in the custody of the freight forwarder; for multimodal transport including sea transport, to 2 SZR\/kg and, in addition, per claim or event, to EUR 1 million or EUR 2 million or 2 SZR\/kg, whichever is higher.<\/p>\t\t\t\t\t\t\t\t<\/div>\n\t\t\t\t<\/div>\n\t\t\t\t\t<\/div>\n\t\t<\/div>\n\t\t\t\t\t<\/div>\n\t\t<\/section>\n\t\t\t\t<\/div>","protected":false},"excerpt":{"rendered":"<p>Allgemeine Gesch\u00e4ftsbedingungen Wir arbeiten ausschlie\u00dflich auf Grundlage der\u00a0Allgemeinen Deutschen Spediteurbedingungen\u00a0&#8211;\u00a0ADSp\u00a0&#8211; jeweils neueste Fassung. Diese beschr\u00e4nken in Ziffer 23 ADSp die gesetzliche Haftung f\u00fcr G\u00fctersch\u00e4den nach \u00a7 431 HGB f\u00fcr Sch\u00e4den in speditionellem Gewahrsam auf 5 EUR\/kg; bei multimodalen Transporten unter Einschluss einer Seebef\u00f6rderung auf 2SZR\/kg sowie dar\u00fcber hinaus je Schadensfall bzw. -ereignis auf 1 Mio. [&hellip;]<\/p>\n","protected":false},"author":1,"featured_media":0,"parent":0,"menu_order":0,"comment_status":"closed","ping_status":"closed","template":"","meta":{"inline_featured_image":false,"footnotes":""},"class_list":["post-512","page","type-page","status-publish","hentry"],"_links":{"self":[{"href":"https:\/\/www.hd-logistics.de\/en\/wp-json\/wp\/v2\/pages\/512","targetHints":{"allow":["GET"]}}],"collection":[{"href":"https:\/\/www.hd-logistics.de\/en\/wp-json\/wp\/v2\/pages"}],"about":[{"href":"https:\/\/www.hd-logistics.de\/en\/wp-json\/wp\/v2\/types\/page"}],"author":[{"embeddable":true,"href":"https:\/\/www.hd-logistics.de\/en\/wp-json\/wp\/v2\/users\/1"}],"replies":[{"embeddable":true,"href":"https:\/\/www.hd-logistics.de\/en\/wp-json\/wp\/v2\/comments?post=512"}],"version-history":[{"count":0,"href":"https:\/\/www.hd-logistics.de\/en\/wp-json\/wp\/v2\/pages\/512\/revisions"}],"wp:attachment":[{"href":"https:\/\/www.hd-logistics.de\/en\/wp-json\/wp\/v2\/media?parent=512"}],"curies":[{"name":"wp","href":"https:\/\/api.w.org\/{rel}","templated":true}]}}