{"id":292,"date":"2024-09-28T11:18:01","date_gmt":"2024-09-28T09:18:01","guid":{"rendered":"https:\/\/hdlogistics.konzeptdrei.de\/?page_id=292"},"modified":"2025-12-02T07:08:46","modified_gmt":"2025-12-02T06:08:46","slug":"referenzen","status":"publish","type":"page","link":"https:\/\/www.hd-logistics.de\/en\/referenzen\/","title":{"rendered":"references"},"content":{"rendered":"<div data-elementor-type=\"wp-page\" data-elementor-id=\"292\" class=\"elementor elementor-292\" data-elementor-post-type=\"page\">\n\t\t\t\t\t\t<section class=\"elementor-section elementor-top-section elementor-element elementor-element-b111026 elementor-section-full_width elementor-section-height-default elementor-section-height-default\" data-id=\"b111026\" data-element_type=\"section\" data-e-type=\"section\" data-settings=\"{&quot;background_background&quot;:&quot;classic&quot;}\">\n\t\t\t\t\t\t<div class=\"elementor-container elementor-column-gap-no\">\n\t\t\t\t\t<div class=\"elementor-column elementor-col-100 elementor-top-column elementor-element elementor-element-62ac578\" data-id=\"62ac578\" data-element_type=\"column\" data-e-type=\"column\">\n\t\t\t<div class=\"elementor-widget-wrap elementor-element-populated\">\n\t\t\t\t\t\t<div class=\"elementor-element elementor-element-5a6bb71 elementor-widget elementor-widget-image\" data-id=\"5a6bb71\" data-element_type=\"widget\" data-e-type=\"widget\" data-widget_type=\"image.default\">\n\t\t\t\t<div class=\"elementor-widget-container\">\n\t\t\t\t\t\t\t\t\t\t\t\t\t\t\t<img fetchpriority=\"high\" decoding=\"async\" width=\"1920\" height=\"960\" src=\"https:\/\/www.hd-logistics.de\/wp-content\/uploads\/2024\/10\/hdlogistic_header_5.png\" class=\"attachment-full size-full wp-image-687\" alt=\"\u00a9 Copyright EMPL Fahrzeugwerk - https:\/\/www.empl.at\/\" srcset=\"https:\/\/www.hd-logistics.de\/wp-content\/uploads\/2024\/10\/hdlogistic_header_5.png 1920w, https:\/\/www.hd-logistics.de\/wp-content\/uploads\/2024\/10\/hdlogistic_header_5-300x150.png 300w, https:\/\/www.hd-logistics.de\/wp-content\/uploads\/2024\/10\/hdlogistic_header_5-1024x512.png 1024w, https:\/\/www.hd-logistics.de\/wp-content\/uploads\/2024\/10\/hdlogistic_header_5-768x384.png 768w, https:\/\/www.hd-logistics.de\/wp-content\/uploads\/2024\/10\/hdlogistic_header_5-1536x768.png 1536w, https:\/\/www.hd-logistics.de\/wp-content\/uploads\/2024\/10\/hdlogistic_header_5-18x9.png 18w\" sizes=\"(max-width: 1920px) 100vw, 1920px\" \/>\t\t\t\t\t\t\t\t\t\t\t\t\t\t\t<\/div>\n\t\t\t\t<\/div>\n\t\t\t\t\t<\/div>\n\t\t<\/div>\n\t\t\t\t\t<\/div>\n\t\t<\/section>\n\t\t\t\t<section class=\"elementor-section elementor-top-section elementor-element elementor-element-206eb1e elementor-section-boxed elementor-section-height-default elementor-section-height-default\" data-id=\"206eb1e\" data-element_type=\"section\" data-e-type=\"section\">\n\t\t\t\t\t\t<div class=\"elementor-container elementor-column-gap-default\">\n\t\t\t\t\t<div class=\"elementor-column elementor-col-100 elementor-top-column elementor-element elementor-element-b839d9f\" data-id=\"b839d9f\" data-element_type=\"column\" data-e-type=\"column\">\n\t\t\t<div class=\"elementor-widget-wrap elementor-element-populated\">\n\t\t\t\t\t\t<div class=\"elementor-element elementor-element-d739e2b elementor-widget elementor-widget-heading\" data-id=\"d739e2b\" data-element_type=\"widget\" data-e-type=\"widget\" data-widget_type=\"heading.default\">\n\t\t\t\t<div class=\"elementor-widget-container\">\n\t\t\t\t\t<h2 class=\"elementor-heading-title elementor-size-default\">your logistics partner for international shipping and vehicle transport<\/h2>\t\t\t\t<\/div>\n\t\t\t\t<\/div>\n\t\t\t\t<div class=\"elementor-element elementor-element-8434aff elementor-widget elementor-widget-text-editor\" data-id=\"8434aff\" data-element_type=\"widget\" data-e-type=\"widget\" data-widget_type=\"text-editor.default\">\n\t\t\t\t<div class=\"elementor-widget-container\">\n\t\t\t\t\t\t\t\t\t<p class=\"p1\">we work with a wide range of manufacturers, including producers of commercial and special-purpose vehicles, as well as special vehicles for the fire service sector, such as fire engines and rescue platforms. Our partners also include manufacturers of drilling rigs, screening and crushing plants, and tankers. We also cooperate with companies that manufacture mobile cranes, road sweepers, water cannons, concrete mixers, and concrete pumps.<\/p>\t\t\t\t\t\t\t\t<\/div>\n\t\t\t\t<\/div>\n\t\t\t\t<div class=\"elementor-element elementor-element-e1439b9 elementor-widget elementor-widget-button\" data-id=\"e1439b9\" data-element_type=\"widget\" data-e-type=\"widget\" data-widget_type=\"button.default\">\n\t\t\t\t<div class=\"elementor-widget-container\">\n\t\t\t\t\t\t\t\t\t<div class=\"elementor-button-wrapper\">\n\t\t\t\t\t<a class=\"elementor-button elementor-button-link elementor-size-sm\" href=\"https:\/\/www.hd-logistics.de\/en\/kontakt\/\">\n\t\t\t\t\t\t<span class=\"elementor-button-content-wrapper\">\n\t\t\t\t\t\t\t\t\t<span class=\"elementor-button-text\">challenge us too!<\/span>\n\t\t\t\t\t<\/span>\n\t\t\t\t\t<\/a>\n\t\t\t\t<\/div>\n\t\t\t\t\t\t\t\t<\/div>\n\t\t\t\t<\/div>\n\t\t\t\t<div class=\"elementor-element elementor-element-b98bdd2 elementor-widget elementor-widget-gallery\" data-id=\"b98bdd2\" data-element_type=\"widget\" data-e-type=\"widget\" data-settings=\"{&quot;gallery_layout&quot;:&quot;masonry&quot;,&quot;columns&quot;:3,&quot;gap&quot;:{&quot;unit&quot;:&quot;px&quot;,&quot;size&quot;:20,&quot;sizes&quot;:[]},&quot;lazyload&quot;:&quot;yes&quot;,&quot;columns_tablet&quot;:2,&quot;columns_mobile&quot;:1,&quot;gap_tablet&quot;:{&quot;unit&quot;:&quot;px&quot;,&quot;size&quot;:10,&quot;sizes&quot;:[]},&quot;gap_mobile&quot;:{&quot;unit&quot;:&quot;px&quot;,&quot;size&quot;:10,&quot;sizes&quot;:[]},&quot;link_to&quot;:&quot;file&quot;,&quot;overlay_background&quot;:&quot;yes&quot;,&quot;content_hover_animation&quot;:&quot;fade-in&quot;}\" data-widget_type=\"gallery.default\">\n\t\t\t\t<div class=\"elementor-widget-container\">\n\t\t\t\t\t\t\t<div class=\"elementor-gallery__container\">\n\t\t\t\t\t\t\t<a class=\"e-gallery-item elementor-gallery-item elementor-animated-content\" href=\"https:\/\/www.hd-logistics.de\/wp-content\/uploads\/2024\/10\/hdlogistic_header_5.png\" data-elementor-open-lightbox=\"yes\" data-elementor-lightbox-slideshow=\"b98bdd2\" data-elementor-lightbox-title=\"EMPL Fahrzeugwerk - HD-Logistics\" data-elementor-lightbox-description=\"\u00a9 Copyright EMPL Fahrzeugwerk - https:\/\/www.empl.at\/\" data-e-action-hash=\"#elementor-action%3Aaction%3Dlightbox%26settings%3DeyJpZCI6Njg3LCJ1cmwiOiJodHRwczpcL1wvd3d3LmhkLWxvZ2lzdGljcy5kZVwvd3AtY29udGVudFwvdXBsb2Fkc1wvMjAyNFwvMTBcL2hkbG9naXN0aWNfaGVhZGVyXzUucG5nIiwic2xpZGVzaG93IjoiYjk4YmRkMiJ9\">\n\t\t\t\t\t<div class=\"e-gallery-image elementor-gallery-item__image\" data-thumbnail=\"https:\/\/www.hd-logistics.de\/wp-content\/uploads\/2024\/10\/hdlogistic_header_5-1024x512.png\" data-width=\"800\" data-height=\"400\" aria-label=\"\u00a9 Copyright EMPL Fahrzeugwerk - https:\/\/www.empl.at\/\" role=\"img\" ><\/div>\n\t\t\t\t\t\t\t\t\t\t\t<div class=\"elementor-gallery-item__overlay\"><\/div>\n\t\t\t\t\t\t\t\t\t\t\t\t\t\t<\/a>\n\t\t\t\t\t\t\t<a class=\"e-gallery-item elementor-gallery-item elementor-animated-content\" href=\"https:\/\/www.hd-logistics.de\/wp-content\/uploads\/2024\/10\/hdlogistic_header_4.png\" data-elementor-open-lightbox=\"yes\" data-elementor-lightbox-slideshow=\"b98bdd2\" data-elementor-lightbox-title=\"hdlogistic_header_4\" data-e-action-hash=\"#elementor-action%3Aaction%3Dlightbox%26settings%3DeyJpZCI6NjE2LCJ1cmwiOiJodHRwczpcL1wvd3d3LmhkLWxvZ2lzdGljcy5kZVwvd3AtY29udGVudFwvdXBsb2Fkc1wvMjAyNFwvMTBcL2hkbG9naXN0aWNfaGVhZGVyXzQucG5nIiwic2xpZGVzaG93IjoiYjk4YmRkMiJ9\">\n\t\t\t\t\t<div class=\"e-gallery-image elementor-gallery-item__image\" data-thumbnail=\"https:\/\/www.hd-logistics.de\/wp-content\/uploads\/2024\/10\/hdlogistic_header_4-1024x512.png\" data-width=\"800\" data-height=\"400\" aria-label=\"\" role=\"img\" ><\/div>\n\t\t\t\t\t\t\t\t\t\t\t<div class=\"elementor-gallery-item__overlay\"><\/div>\n\t\t\t\t\t\t\t\t\t\t\t\t\t\t<\/a>\n\t\t\t\t\t\t\t<a class=\"e-gallery-item elementor-gallery-item elementor-animated-content\" href=\"https:\/\/www.hd-logistics.de\/wp-content\/uploads\/2024\/10\/hdlogistic_header_2.png\" data-elementor-open-lightbox=\"yes\" data-elementor-lightbox-slideshow=\"b98bdd2\" data-elementor-lightbox-title=\"EMPL Fahrzeugwerk - HD-Logistics\" data-elementor-lightbox-description=\"\u00a9 Copyright EMPL Fahrzeugwerk - https:\/\/www.empl.at\/\" data-e-action-hash=\"#elementor-action%3Aaction%3Dlightbox%26settings%3DeyJpZCI6NTgyLCJ1cmwiOiJodHRwczpcL1wvd3d3LmhkLWxvZ2lzdGljcy5kZVwvd3AtY29udGVudFwvdXBsb2Fkc1wvMjAyNFwvMTBcL2hkbG9naXN0aWNfaGVhZGVyXzIucG5nIiwic2xpZGVzaG93IjoiYjk4YmRkMiJ9\">\n\t\t\t\t\t<div class=\"e-gallery-image elementor-gallery-item__image\" data-thumbnail=\"https:\/\/www.hd-logistics.de\/wp-content\/uploads\/2024\/10\/hdlogistic_header_2-1024x512.png\" data-width=\"800\" data-height=\"400\" aria-label=\"\u00a9 Copyright EMPL Fahrzeugwerk - https:\/\/www.empl.at\/\" role=\"img\" ><\/div>\n\t\t\t\t\t\t\t\t\t\t\t<div class=\"elementor-gallery-item__overlay\"><\/div>\n\t\t\t\t\t\t\t\t\t\t\t\t\t\t<\/a>\n\t\t\t\t\t\t\t<a class=\"e-gallery-item elementor-gallery-item elementor-animated-content\" href=\"https:\/\/www.hd-logistics.de\/wp-content\/uploads\/2024\/10\/hdlogistic_header_1.png\" data-elementor-open-lightbox=\"yes\" data-elementor-lightbox-slideshow=\"b98bdd2\" data-elementor-lightbox-title=\"EMPL Fahrzeugwerk - HD-Logistics\" data-elementor-lightbox-description=\"\u00a9 Copyright EMPL Fahrzeugwerk - https:\/\/www.empl.at\/\" data-e-action-hash=\"#elementor-action%3Aaction%3Dlightbox%26settings%3DeyJpZCI6NTUzLCJ1cmwiOiJodHRwczpcL1wvd3d3LmhkLWxvZ2lzdGljcy5kZVwvd3AtY29udGVudFwvdXBsb2Fkc1wvMjAyNFwvMTBcL2hkbG9naXN0aWNfaGVhZGVyXzEucG5nIiwic2xpZGVzaG93IjoiYjk4YmRkMiJ9\">\n\t\t\t\t\t<div class=\"e-gallery-image elementor-gallery-item__image\" data-thumbnail=\"https:\/\/www.hd-logistics.de\/wp-content\/uploads\/2024\/10\/hdlogistic_header_1-1024x512.png\" data-width=\"800\" data-height=\"400\" aria-label=\"\u00a9 Copyright EMPL Fahrzeugwerk - https:\/\/www.empl.at\/\" role=\"img\" ><\/div>\n\t\t\t\t\t\t\t\t\t\t\t<div class=\"elementor-gallery-item__overlay\"><\/div>\n\t\t\t\t\t\t\t\t\t\t\t\t\t\t<\/a>\n\t\t\t\t\t\t\t<a class=\"e-gallery-item elementor-gallery-item elementor-animated-content\" href=\"https:\/\/www.hd-logistics.de\/wp-content\/uploads\/2025\/06\/hdlogistic_schwing_2.png\" data-elementor-open-lightbox=\"yes\" data-elementor-lightbox-slideshow=\"b98bdd2\" data-elementor-lightbox-title=\"hdlogistic_schwing_2\" data-e-action-hash=\"#elementor-action%3Aaction%3Dlightbox%26settings%3DeyJpZCI6OTYwLCJ1cmwiOiJodHRwczpcL1wvd3d3LmhkLWxvZ2lzdGljcy5kZVwvd3AtY29udGVudFwvdXBsb2Fkc1wvMjAyNVwvMDZcL2hkbG9naXN0aWNfc2Nod2luZ18yLnBuZyIsInNsaWRlc2hvdyI6ImI5OGJkZDIifQ%3D%3D\">\n\t\t\t\t\t<div class=\"e-gallery-image elementor-gallery-item__image\" data-thumbnail=\"https:\/\/www.hd-logistics.de\/wp-content\/uploads\/2025\/06\/hdlogistic_schwing_2-1024x512.png\" data-width=\"800\" data-height=\"400\" aria-label=\"\" role=\"img\" ><\/div>\n\t\t\t\t\t\t\t\t\t\t\t<div class=\"elementor-gallery-item__overlay\"><\/div>\n\t\t\t\t\t\t\t\t\t\t\t\t\t\t<\/a>\n\t\t\t\t\t\t\t<a class=\"e-gallery-item elementor-gallery-item elementor-animated-content\" href=\"https:\/\/www.hd-logistics.de\/wp-content\/uploads\/2025\/07\/hdlogistic_header_7.png\" data-elementor-open-lightbox=\"yes\" data-elementor-lightbox-slideshow=\"b98bdd2\" data-elementor-lightbox-title=\"EMPL Fahrzeugwerk - HD-Logistics\" data-elementor-lightbox-description=\"\u00a9 Copyright EMPL Fahrzeugwerk - https:\/\/www.empl.at\/\" data-e-action-hash=\"#elementor-action%3Aaction%3Dlightbox%26settings%3DeyJpZCI6OTk5LCJ1cmwiOiJodHRwczpcL1wvd3d3LmhkLWxvZ2lzdGljcy5kZVwvd3AtY29udGVudFwvdXBsb2Fkc1wvMjAyNVwvMDdcL2hkbG9naXN0aWNfaGVhZGVyXzcucG5nIiwic2xpZGVzaG93IjoiYjk4YmRkMiJ9\">\n\t\t\t\t\t<div class=\"e-gallery-image elementor-gallery-item__image\" data-thumbnail=\"https:\/\/www.hd-logistics.de\/wp-content\/uploads\/2025\/07\/hdlogistic_header_7-1024x512.png\" data-width=\"800\" data-height=\"400\" aria-label=\"\u00a9 Copyright EMPL Fahrzeugwerk - https:\/\/www.empl.at\/\" role=\"img\" ><\/div>\n\t\t\t\t\t\t\t\t\t\t\t<div class=\"elementor-gallery-item__overlay\"><\/div>\n\t\t\t\t\t\t\t\t\t\t\t\t\t\t<\/a>\n\t\t\t\t\t\t\t<a class=\"e-gallery-item elementor-gallery-item elementor-animated-content\" href=\"https:\/\/www.hd-logistics.de\/wp-content\/uploads\/2025\/07\/hdlogistic_header_10.png\" data-elementor-open-lightbox=\"yes\" data-elementor-lightbox-slideshow=\"b98bdd2\" data-elementor-lightbox-title=\"Rosenbauer International - HD-Logistics\" data-elementor-lightbox-description=\"\u00a9 Copyright Rosenbauer International - https:\/\/www.rosenbauer.com\" data-e-action-hash=\"#elementor-action%3Aaction%3Dlightbox%26settings%3DeyJpZCI6MTAzMywidXJsIjoiaHR0cHM6XC9cL3d3dy5oZC1sb2dpc3RpY3MuZGVcL3dwLWNvbnRlbnRcL3VwbG9hZHNcLzIwMjVcLzA3XC9oZGxvZ2lzdGljX2hlYWRlcl8xMC5wbmciLCJzbGlkZXNob3ciOiJiOThiZGQyIn0%3D\">\n\t\t\t\t\t<div class=\"e-gallery-image elementor-gallery-item__image\" data-thumbnail=\"https:\/\/www.hd-logistics.de\/wp-content\/uploads\/2025\/07\/hdlogistic_header_10-1024x512.png\" data-width=\"800\" data-height=\"400\" aria-label=\"\u00a9 Copyright Rosenbauer International - https:\/\/www.rosenbauer.com\" role=\"img\" ><\/div>\n\t\t\t\t\t\t\t\t\t\t\t<div class=\"elementor-gallery-item__overlay\"><\/div>\n\t\t\t\t\t\t\t\t\t\t\t\t\t\t<\/a>\n\t\t\t\t\t\t\t<a class=\"e-gallery-item elementor-gallery-item elementor-animated-content\" href=\"https:\/\/www.hd-logistics.de\/wp-content\/uploads\/2025\/07\/hdlogistic_header_9.png\" data-elementor-open-lightbox=\"yes\" data-elementor-lightbox-slideshow=\"b98bdd2\" data-elementor-lightbox-title=\"Rosenbauer International - HD-Logistics\" data-elementor-lightbox-description=\"\u00a9 Copyright Rosenbauer International - https:\/\/www.rosenbauer.com\" data-e-action-hash=\"#elementor-action%3Aaction%3Dlightbox%26settings%3DeyJpZCI6MTAzMiwidXJsIjoiaHR0cHM6XC9cL3d3dy5oZC1sb2dpc3RpY3MuZGVcL3dwLWNvbnRlbnRcL3VwbG9hZHNcLzIwMjVcLzA3XC9oZGxvZ2lzdGljX2hlYWRlcl85LnBuZyIsInNsaWRlc2hvdyI6ImI5OGJkZDIifQ%3D%3D\">\n\t\t\t\t\t<div class=\"e-gallery-image elementor-gallery-item__image\" data-thumbnail=\"https:\/\/www.hd-logistics.de\/wp-content\/uploads\/2025\/07\/hdlogistic_header_9-1024x512.png\" data-width=\"800\" data-height=\"400\" aria-label=\"\u00a9 Copyright Rosenbauer International - https:\/\/www.rosenbauer.com\" role=\"img\" ><\/div>\n\t\t\t\t\t\t\t\t\t\t\t<div class=\"elementor-gallery-item__overlay\"><\/div>\n\t\t\t\t\t\t\t\t\t\t\t\t\t\t<\/a>\n\t\t\t\t\t\t\t<a class=\"e-gallery-item elementor-gallery-item elementor-animated-content\" href=\"https:\/\/www.hd-logistics.de\/wp-content\/uploads\/2025\/07\/hdlogistic_header_8.png\" data-elementor-open-lightbox=\"yes\" data-elementor-lightbox-slideshow=\"b98bdd2\" data-elementor-lightbox-title=\"Rosenbauer International - HD-Logistics\" data-elementor-lightbox-description=\"\u00a9 Copyright Rosenbauer International - https:\/\/www.rosenbauer.com\" data-e-action-hash=\"#elementor-action%3Aaction%3Dlightbox%26settings%3DeyJpZCI6MTAzMSwidXJsIjoiaHR0cHM6XC9cL3d3dy5oZC1sb2dpc3RpY3MuZGVcL3dwLWNvbnRlbnRcL3VwbG9hZHNcLzIwMjVcLzA3XC9oZGxvZ2lzdGljX2hlYWRlcl84LnBuZyIsInNsaWRlc2hvdyI6ImI5OGJkZDIifQ%3D%3D\">\n\t\t\t\t\t<div class=\"e-gallery-image elementor-gallery-item__image\" data-thumbnail=\"https:\/\/www.hd-logistics.de\/wp-content\/uploads\/2025\/07\/hdlogistic_header_8-1024x512.png\" data-width=\"800\" data-height=\"400\" aria-label=\"\u00a9 Copyright Rosenbauer International - https:\/\/www.rosenbauer.com\" role=\"img\" ><\/div>\n\t\t\t\t\t\t\t\t\t\t\t<div class=\"elementor-gallery-item__overlay\"><\/div>\n\t\t\t\t\t\t\t\t\t\t\t\t\t\t<\/a>\n\t\t\t\t\t<\/div>\n\t\t\t\t\t<\/div>\n\t\t\t\t<\/div>\n\t\t\t\t\t<\/div>\n\t\t<\/div>\n\t\t\t\t\t<\/div>\n\t\t<\/section>\n\t\t\t\t<section class=\"elementor-section elementor-top-section elementor-element elementor-element-ef0fbdf elementor-section-boxed elementor-section-height-default elementor-section-height-default\" data-id=\"ef0fbdf\" data-element_type=\"section\" data-e-type=\"section\" data-settings=\"{&quot;background_background&quot;:&quot;classic&quot;}\">\n\t\t\t\t\t\t<div class=\"elementor-container elementor-column-gap-default\">\n\t\t\t\t\t<div class=\"elementor-column elementor-col-100 elementor-top-column elementor-element elementor-element-c6a283b\" data-id=\"c6a283b\" data-element_type=\"column\" data-e-type=\"column\">\n\t\t\t<div class=\"elementor-widget-wrap elementor-element-populated\">\n\t\t\t\t\t\t<div class=\"elementor-element elementor-element-d8b24fe elementor-widget elementor-widget-heading\" data-id=\"d8b24fe\" data-element_type=\"widget\" data-e-type=\"widget\" data-widget_type=\"heading.default\">\n\t\t\t\t<div class=\"elementor-widget-container\">\n\t\t\t\t\t<h2 class=\"elementor-heading-title elementor-size-default\">references<\/h2>\t\t\t\t<\/div>\n\t\t\t\t<\/div>\n\t\t\t\t<div class=\"elementor-element elementor-element-e9db5fe elementor-widget elementor-widget-text-editor\" data-id=\"e9db5fe\" data-element_type=\"widget\" data-e-type=\"widget\" data-widget_type=\"text-editor.default\">\n\t\t\t\t<div class=\"elementor-widget-container\">\n\t\t\t\t\t\t\t\t\t<p>Thanks to our high customer satisfaction and the quality of our services, our existing customers are always happy to come back to us. At the same time, we are growing continuously, as we regularly convince new customers of our services and win them over. This keeps our company moving forward.<\/p>\t\t\t\t\t\t\t\t<\/div>\n\t\t\t\t<\/div>\n\t\t\t\t\t<\/div>\n\t\t<\/div>\n\t\t\t\t\t<\/div>\n\t\t<\/section>\n\t\t\t\t<section class=\"elementor-section elementor-top-section elementor-element elementor-element-a69d73c elementor-section-boxed elementor-section-height-default elementor-section-height-default\" data-id=\"a69d73c\" data-element_type=\"section\" data-e-type=\"section\">\n\t\t\t\t\t\t<div class=\"elementor-container elementor-column-gap-default\">\n\t\t\t\t\t<div class=\"elementor-column elementor-col-25 elementor-top-column elementor-element elementor-element-155f64b\" data-id=\"155f64b\" data-element_type=\"column\" data-e-type=\"column\">\n\t\t\t<div class=\"elementor-widget-wrap elementor-element-populated\">\n\t\t\t\t\t\t<div class=\"elementor-element elementor-element-b1a88a0 elementor-widget elementor-widget-image\" data-id=\"b1a88a0\" data-element_type=\"widget\" data-e-type=\"widget\" data-widget_type=\"image.default\">\n\t\t\t\t<div class=\"elementor-widget-container\">\n\t\t\t\t\t\t\t\t\t\t\t\t\t\t\t\t<a href=\"https:\/\/www.ziegler.de\/\" target=\"_blank\" rel=\"noopener\">\n\t\t\t\t\t\t\t<img decoding=\"async\" width=\"800\" height=\"202\" src=\"https:\/\/www.hd-logistics.de\/wp-content\/uploads\/2024\/10\/Ziegler_Logo-1024x259.png\" class=\"attachment-large size-large wp-image-732\" alt=\"\" srcset=\"https:\/\/www.hd-logistics.de\/wp-content\/uploads\/2024\/10\/Ziegler_Logo-1024x259.png 1024w, https:\/\/www.hd-logistics.de\/wp-content\/uploads\/2024\/10\/Ziegler_Logo-300x76.png 300w, https:\/\/www.hd-logistics.de\/wp-content\/uploads\/2024\/10\/Ziegler_Logo-768x194.png 768w, https:\/\/www.hd-logistics.de\/wp-content\/uploads\/2024\/10\/Ziegler_Logo-1536x388.png 1536w, https:\/\/www.hd-logistics.de\/wp-content\/uploads\/2024\/10\/Ziegler_Logo-2048x518.png 2048w, https:\/\/www.hd-logistics.de\/wp-content\/uploads\/2024\/10\/Ziegler_Logo-18x5.png 18w\" sizes=\"(max-width: 800px) 100vw, 800px\" \/>\t\t\t\t\t\t\t\t<\/a>\n\t\t\t\t\t\t\t\t\t\t\t\t\t\t\t<\/div>\n\t\t\t\t<\/div>\n\t\t\t\t\t<\/div>\n\t\t<\/div>\n\t\t\t\t<div class=\"elementor-column elementor-col-25 elementor-top-column elementor-element elementor-element-3760912\" data-id=\"3760912\" data-element_type=\"column\" data-e-type=\"column\">\n\t\t\t<div class=\"elementor-widget-wrap elementor-element-populated\">\n\t\t\t\t\t\t<div class=\"elementor-element elementor-element-5e21b1b elementor-widget elementor-widget-image\" data-id=\"5e21b1b\" data-element_type=\"widget\" data-e-type=\"widget\" data-widget_type=\"image.default\">\n\t\t\t\t<div class=\"elementor-widget-container\">\n\t\t\t\t\t\t\t\t\t\t\t\t\t\t\t\t<a href=\"https:\/\/www.rosenbauer.com\/de\" target=\"_blank\" rel=\"noopener\">\n\t\t\t\t\t\t\t<img decoding=\"async\" width=\"6497\" height=\"1642\" src=\"https:\/\/www.hd-logistics.de\/wp-content\/uploads\/2024\/10\/Rosenbauer_Logo.png\" class=\"attachment-full size-full wp-image-731\" alt=\"\" srcset=\"https:\/\/www.hd-logistics.de\/wp-content\/uploads\/2024\/10\/Rosenbauer_Logo.png 6497w, https:\/\/www.hd-logistics.de\/wp-content\/uploads\/2024\/10\/Rosenbauer_Logo-300x76.png 300w, https:\/\/www.hd-logistics.de\/wp-content\/uploads\/2024\/10\/Rosenbauer_Logo-1024x259.png 1024w, https:\/\/www.hd-logistics.de\/wp-content\/uploads\/2024\/10\/Rosenbauer_Logo-768x194.png 768w, https:\/\/www.hd-logistics.de\/wp-content\/uploads\/2024\/10\/Rosenbauer_Logo-1536x388.png 1536w, https:\/\/www.hd-logistics.de\/wp-content\/uploads\/2024\/10\/Rosenbauer_Logo-2048x518.png 2048w, https:\/\/www.hd-logistics.de\/wp-content\/uploads\/2024\/10\/Rosenbauer_Logo-18x5.png 18w\" sizes=\"(max-width: 6497px) 100vw, 6497px\" \/>\t\t\t\t\t\t\t\t<\/a>\n\t\t\t\t\t\t\t\t\t\t\t\t\t\t\t<\/div>\n\t\t\t\t<\/div>\n\t\t\t\t\t<\/div>\n\t\t<\/div>\n\t\t\t\t<div class=\"elementor-column elementor-col-25 elementor-top-column elementor-element elementor-element-46d16e5\" data-id=\"46d16e5\" data-element_type=\"column\" data-e-type=\"column\">\n\t\t\t<div class=\"elementor-widget-wrap elementor-element-populated\">\n\t\t\t\t\t\t<div class=\"elementor-element elementor-element-19c3cc0 elementor-widget elementor-widget-image\" data-id=\"19c3cc0\" data-element_type=\"widget\" data-e-type=\"widget\" data-widget_type=\"image.default\">\n\t\t\t\t<div class=\"elementor-widget-container\">\n\t\t\t\t\t\t\t\t\t\t\t\t\t\t\t\t<a href=\"https:\/\/www.empl.at\/\" target=\"_blank\" rel=\"noopener\">\n\t\t\t\t\t\t\t<img loading=\"lazy\" decoding=\"async\" width=\"172\" height=\"68\" src=\"https:\/\/www.hd-logistics.de\/wp-content\/uploads\/2025\/10\/EMPL_Logo_neu.svg\" class=\"attachment-full size-full wp-image-1373\" alt=\"\" \/>\t\t\t\t\t\t\t\t<\/a>\n\t\t\t\t\t\t\t\t\t\t\t\t\t\t\t<\/div>\n\t\t\t\t<\/div>\n\t\t\t\t\t<\/div>\n\t\t<\/div>\n\t\t\t\t<div class=\"elementor-column elementor-col-25 elementor-top-column elementor-element elementor-element-c5dd653\" data-id=\"c5dd653\" data-element_type=\"column\" data-e-type=\"column\">\n\t\t\t<div class=\"elementor-widget-wrap elementor-element-populated\">\n\t\t\t\t\t\t<div class=\"elementor-element elementor-element-87441eb elementor-widget elementor-widget-image\" data-id=\"87441eb\" data-element_type=\"widget\" data-e-type=\"widget\" data-widget_type=\"image.default\">\n\t\t\t\t<div class=\"elementor-widget-container\">\n\t\t\t\t\t\t\t\t\t\t\t\t\t\t\t\t<a href=\"https:\/\/schwing-stetter.com\/de_de\/\" target=\"_blank\" rel=\"noopener\">\n\t\t\t\t\t\t\t<img loading=\"lazy\" decoding=\"async\" width=\"452\" height=\"142\" src=\"https:\/\/www.hd-logistics.de\/wp-content\/uploads\/2025\/09\/Schwing_Logo.svg\" class=\"attachment-full size-full wp-image-1078\" alt=\"\" \/>\t\t\t\t\t\t\t\t<\/a>\n\t\t\t\t\t\t\t\t\t\t\t\t\t\t\t<\/div>\n\t\t\t\t<\/div>\n\t\t\t\t\t<\/div>\n\t\t<\/div>\n\t\t\t\t\t<\/div>\n\t\t<\/section>\n\t\t\t\t<\/div>","protected":false},"excerpt":{"rendered":"<p>Ihr Logistiker f\u00fcr internationale Spedition und Fahrzeugtransporte Wir arbeiten mit einer Vielzahl von Herstellern zusammen, darunter Produzenten von Nutz- und Sonderfahrzeugen sowie Spezialfahrzeugen f\u00fcr den Feuerwehrbereich wie Feuerwehren und Rettungsb\u00fchnen. Dar\u00fcber hinaus geh\u00f6ren Hersteller von Bohranlagen, Sieb- und Brechanlagen sowie Tankwagen zu unseren Partnern. Ebenso kooperieren wir mit Unternehmen, die Mobilkrane, Kehrmaschinen, Wasserwerfer, Betonmischer und [&hellip;]<\/p>\n","protected":false},"author":1,"featured_media":687,"parent":0,"menu_order":0,"comment_status":"closed","ping_status":"closed","template":"","meta":{"inline_featured_image":false,"footnotes":""},"class_list":["post-292","page","type-page","status-publish","has-post-thumbnail","hentry"],"_links":{"self":[{"href":"https:\/\/www.hd-logistics.de\/en\/wp-json\/wp\/v2\/pages\/292","targetHints":{"allow":["GET"]}}],"collection":[{"href":"https:\/\/www.hd-logistics.de\/en\/wp-json\/wp\/v2\/pages"}],"about":[{"href":"https:\/\/www.hd-logistics.de\/en\/wp-json\/wp\/v2\/types\/page"}],"author":[{"embeddable":true,"href":"https:\/\/www.hd-logistics.de\/en\/wp-json\/wp\/v2\/users\/1"}],"replies":[{"embeddable":true,"href":"https:\/\/www.hd-logistics.de\/en\/wp-json\/wp\/v2\/comments?post=292"}],"version-history":[{"count":0,"href":"https:\/\/www.hd-logistics.de\/en\/wp-json\/wp\/v2\/pages\/292\/revisions"}],"wp:featuredmedia":[{"embeddable":true,"href":"https:\/\/www.hd-logistics.de\/en\/wp-json\/wp\/v2\/media\/687"}],"wp:attachment":[{"href":"https:\/\/www.hd-logistics.de\/en\/wp-json\/wp\/v2\/media?parent=292"}],"curies":[{"name":"wp","href":"https:\/\/api.w.org\/{rel}","templated":true}]}}