{"id":288,"date":"2024-09-28T11:17:34","date_gmt":"2024-09-28T09:17:34","guid":{"rendered":"https:\/\/hdlogistics.konzeptdrei.de\/?page_id=288"},"modified":"2025-10-06T18:56:13","modified_gmt":"2025-10-06T16:56:13","slug":"portfolio","status":"publish","type":"page","link":"https:\/\/www.hd-logistics.de\/en\/portfolio\/","title":{"rendered":"portfolio"},"content":{"rendered":"\t\t<div data-elementor-type=\"wp-page\" data-elementor-id=\"288\" class=\"elementor elementor-288\" data-elementor-post-type=\"page\">\n\t\t\t\t\t\t<section class=\"elementor-section elementor-top-section elementor-element elementor-element-597c614 elementor-section-full_width elementor-section-height-default elementor-section-height-default\" data-id=\"597c614\" data-element_type=\"section\" data-e-type=\"section\" data-settings=\"{&quot;background_background&quot;:&quot;classic&quot;}\">\n\t\t\t\t\t\t<div class=\"elementor-container elementor-column-gap-no\">\n\t\t\t\t\t<div class=\"elementor-column elementor-col-100 elementor-top-column elementor-element elementor-element-1de6591\" data-id=\"1de6591\" data-element_type=\"column\" data-e-type=\"column\">\n\t\t\t<div class=\"elementor-widget-wrap elementor-element-populated\">\n\t\t\t\t\t\t<div class=\"elementor-element elementor-element-0a1c909 elementor-widget elementor-widget-image\" data-id=\"0a1c909\" data-element_type=\"widget\" data-e-type=\"widget\" data-widget_type=\"image.default\">\n\t\t\t\t<div class=\"elementor-widget-container\">\n\t\t\t\t\t\t\t\t\t\t\t\t\t\t\t<img fetchpriority=\"high\" decoding=\"async\" width=\"1920\" height=\"960\" src=\"https:\/\/www.hd-logistics.de\/wp-content\/uploads\/2024\/10\/hdlogistic_header_2.png\" class=\"attachment-full size-full wp-image-582\" alt=\"\u00a9 Copyright EMPL Fahrzeugwerk - https:\/\/www.empl.at\/\" srcset=\"https:\/\/www.hd-logistics.de\/wp-content\/uploads\/2024\/10\/hdlogistic_header_2.png 1920w, https:\/\/www.hd-logistics.de\/wp-content\/uploads\/2024\/10\/hdlogistic_header_2-300x150.png 300w, https:\/\/www.hd-logistics.de\/wp-content\/uploads\/2024\/10\/hdlogistic_header_2-1024x512.png 1024w, https:\/\/www.hd-logistics.de\/wp-content\/uploads\/2024\/10\/hdlogistic_header_2-768x384.png 768w, https:\/\/www.hd-logistics.de\/wp-content\/uploads\/2024\/10\/hdlogistic_header_2-1536x768.png 1536w, https:\/\/www.hd-logistics.de\/wp-content\/uploads\/2024\/10\/hdlogistic_header_2-18x9.png 18w\" sizes=\"(max-width: 1920px) 100vw, 1920px\" \/>\t\t\t\t\t\t\t\t\t\t\t\t\t\t\t<\/div>\n\t\t\t\t<\/div>\n\t\t\t\t\t<\/div>\n\t\t<\/div>\n\t\t\t\t\t<\/div>\n\t\t<\/section>\n\t\t\t\t<section class=\"elementor-section elementor-top-section elementor-element elementor-element-206eb1e elementor-section-boxed elementor-section-height-default elementor-section-height-default\" data-id=\"206eb1e\" data-element_type=\"section\" data-e-type=\"section\">\n\t\t\t\t\t\t<div class=\"elementor-container elementor-column-gap-default\">\n\t\t\t\t\t<div class=\"elementor-column elementor-col-100 elementor-top-column elementor-element elementor-element-b839d9f\" data-id=\"b839d9f\" data-element_type=\"column\" data-e-type=\"column\">\n\t\t\t<div class=\"elementor-widget-wrap elementor-element-populated\">\n\t\t\t\t\t\t<div class=\"elementor-element elementor-element-d739e2b elementor-widget elementor-widget-heading\" data-id=\"d739e2b\" data-element_type=\"widget\" data-e-type=\"widget\" data-widget_type=\"heading.default\">\n\t\t\t\t<div class=\"elementor-widget-container\">\n\t\t\t\t\t<h2 class=\"elementor-heading-title elementor-size-default\">Unser Dienstleistungsportfolio<\/h2>\t\t\t\t<\/div>\n\t\t\t\t<\/div>\n\t\t\t\t<div class=\"elementor-element elementor-element-8434aff elementor-widget elementor-widget-text-editor\" data-id=\"8434aff\" data-element_type=\"widget\" data-e-type=\"widget\" data-widget_type=\"text-editor.default\">\n\t\t\t\t<div class=\"elementor-widget-container\">\n\t\t\t\t\t\t\t\t\t<p style=\"font-weight: 400;\">Mit unserem umfangreichen Team aus qualifizierten Mitarbeitern bieten wir Ihnen ein breites Spektrum an ma\u00dfgeschneiderten Dienstleistungen. <span data-ogsb=\"yellow\">Als Ihr kompetenter Partner decken wir s\u00e4mtliche Transportbed\u00fcrfnisse ab \u2013 von der Fahrzeug\u00fcberf\u00fchrung per eigener Achse bis hin zur Abwicklung komplexer Logistikprojekte.<\/span><\/p><p class=\"p1\">Ob Schwertransporte, Spezialfahrten oder multimodaler Verkehr \u00fcber Stra\u00dfe, Schiene und See \u2013 wir verf\u00fcgen \u00fcber die n\u00f6tige Expertise und Ressourcen, um Ihre G\u00fcter sicher, effizient und termingerecht weltweit zu bef\u00f6rdern. Dar\u00fcber hinaus unterst\u00fctzen wir Sie mit zus\u00e4tzlichen Services wie Zollabwicklungen, Versicherungen und einer umfassenden Transportdokumentation. Bei uns erhalten Sie alles aus einer Hand.<\/p>\t\t\t\t\t\t\t\t<\/div>\n\t\t\t\t<\/div>\n\t\t\t\t<div class=\"elementor-element elementor-element-e1439b9 elementor-widget elementor-widget-button\" data-id=\"e1439b9\" data-element_type=\"widget\" data-e-type=\"widget\" data-widget_type=\"button.default\">\n\t\t\t\t<div class=\"elementor-widget-container\">\n\t\t\t\t\t\t\t\t\t<div class=\"elementor-button-wrapper\">\n\t\t\t\t\t<a class=\"elementor-button elementor-button-link elementor-size-sm\" href=\"https:\/\/www.hd-logistics.de\/kontakt\/\">\n\t\t\t\t\t\t<span class=\"elementor-button-content-wrapper\">\n\t\t\t\t\t\t\t\t\t<span class=\"elementor-button-text\">Fordern Sie uns!<\/span>\n\t\t\t\t\t<\/span>\n\t\t\t\t\t<\/a>\n\t\t\t\t<\/div>\n\t\t\t\t\t\t\t\t<\/div>\n\t\t\t\t<\/div>\n\t\t\t\t\t<\/div>\n\t\t<\/div>\n\t\t\t\t\t<\/div>\n\t\t<\/section>\n\t\t\t\t<section class=\"elementor-section elementor-top-section elementor-element elementor-element-04c47a6 elementor-section-boxed elementor-section-height-default elementor-section-height-default\" data-id=\"04c47a6\" data-element_type=\"section\" data-e-type=\"section\">\n\t\t\t\t\t\t<div class=\"elementor-container elementor-column-gap-default\">\n\t\t\t\t\t<div class=\"elementor-column elementor-col-100 elementor-top-column elementor-element elementor-element-b052f0b\" data-id=\"b052f0b\" data-element_type=\"column\" data-e-type=\"column\">\n\t\t\t<div class=\"elementor-widget-wrap elementor-element-populated\">\n\t\t\t\t\t\t<div class=\"elementor-element elementor-element-7724880 elementor-widget elementor-widget-toggle\" data-id=\"7724880\" data-element_type=\"widget\" data-e-type=\"widget\" data-widget_type=\"toggle.default\">\n\t\t\t\t<div class=\"elementor-widget-container\">\n\t\t\t\t\t\t\t<div class=\"elementor-toggle\">\n\t\t\t\t\t\t\t<div class=\"elementor-toggle-item\">\n\t\t\t\t\t<div id=\"elementor-tab-title-1241\" class=\"elementor-tab-title\" data-tab=\"1\" role=\"button\" aria-controls=\"elementor-tab-content-1241\" aria-expanded=\"false\">\n\t\t\t\t\t\t\t\t\t\t\t\t<span class=\"elementor-toggle-icon elementor-toggle-icon-left\" aria-hidden=\"true\">\n\t\t\t\t\t\t\t\t\t\t\t\t\t\t\t<span class=\"elementor-toggle-icon-closed\"><i class=\"fas fa-caret-right\"><\/i><\/span>\n\t\t\t\t\t\t\t\t<span class=\"elementor-toggle-icon-opened\"><i class=\"elementor-toggle-icon-opened fas fa-caret-up\"><\/i><\/span>\n\t\t\t\t\t\t\t\t\t\t\t\t\t<\/span>\n\t\t\t\t\t\t\t\t\t\t\t\t<a class=\"elementor-toggle-title\" tabindex=\"0\">\u00dcberf\u00fchrung Nutz- & Sonderfahrzeugen<\/a>\n\t\t\t\t\t<\/div>\n\n\t\t\t\t\t<div id=\"elementor-tab-content-1241\" class=\"elementor-tab-content elementor-clearfix\" data-tab=\"1\" role=\"region\" aria-labelledby=\"elementor-tab-title-1241\"><p class=\"p1\">Wir \u00fcbernehmen f\u00fcr Sie weltweit die \u00dcberf\u00fchrung von Nutz- und Sonderfahrzeugen auf eigener Achse. Dazu z\u00e4hlen unter anderem selbstfahrende Bohranlagen, Flugfeldtankwagen, Zweiwegefahrzeuge, Betonpumpen, Mobilkrane, Betonmischer, Wasserwerfer, Lebensmittel-Tankwagen, Kommunalfahrzeuge, Feuerwehrfahrzeuge sowie Sattelzugmaschinen und Trailer aller Marken und Kombinationen.<\/p><p class=\"p1\">Auf Wunsch bieten wir w\u00e4hrend des Transportzeitraums eine Vollkaskoversicherung f\u00fcr Ihre Fahrzeuge an. Zudem k\u00fcmmern wir uns um die vollst\u00e4ndige zollrechtliche Abwicklung, stellen \u00dcberf\u00fchrungskennzeichen bereit und dokumentieren den gesamten Prozess detailliert in \u00dcbernahme- und \u00dcbergabeprotokollen sowie Fotodokumentationen.<\/p><\/div>\n\t\t\t\t<\/div>\n\t\t\t\t\t\t\t<div class=\"elementor-toggle-item\">\n\t\t\t\t\t<div id=\"elementor-tab-title-1242\" class=\"elementor-tab-title\" data-tab=\"2\" role=\"button\" aria-controls=\"elementor-tab-content-1242\" aria-expanded=\"false\">\n\t\t\t\t\t\t\t\t\t\t\t\t<span class=\"elementor-toggle-icon elementor-toggle-icon-left\" aria-hidden=\"true\">\n\t\t\t\t\t\t\t\t\t\t\t\t\t\t\t<span class=\"elementor-toggle-icon-closed\"><i class=\"fas fa-caret-right\"><\/i><\/span>\n\t\t\t\t\t\t\t\t<span class=\"elementor-toggle-icon-opened\"><i class=\"elementor-toggle-icon-opened fas fa-caret-up\"><\/i><\/span>\n\t\t\t\t\t\t\t\t\t\t\t\t\t<\/span>\n\t\t\t\t\t\t\t\t\t\t\t\t<a class=\"elementor-toggle-title\" tabindex=\"0\">Transport Fahrzeuge & Maschinen<\/a>\n\t\t\t\t\t<\/div>\n\n\t\t\t\t\t<div id=\"elementor-tab-content-1242\" class=\"elementor-tab-content elementor-clearfix\" data-tab=\"2\" role=\"region\" aria-labelledby=\"elementor-tab-title-1242\"><div class=\"col-xs-12 col-sm-8\"><p class=\"p1\">Wir bieten Ihnen auch umfassende L\u00f6sungen f\u00fcr den Fahrzeugtransport an. Dazu geh\u00f6ren sowohl der Transport von Fahrzeugen auf offenen als auch auf geschlossenen Autotransportern, je nach Ihren individuellen Bed\u00fcrfnissen. Dar\u00fcber hinaus \u00fcbernehmen wir den Transport von Nutzfahrzeugen und kleineren LKWs mithilfe von LKW-Flachz\u00fcgen, was besonders f\u00fcr gr\u00f6\u00dfere oder spezielle Fahrzeuge ideal ist. Auch f\u00fcr nicht fahrbereite Fahrzeuge bieten wir passende Transportm\u00f6glichkeiten an, damit diese sicher und effizient an ihr Ziel gelangen. Zus\u00e4tzlich gew\u00e4hrleisten wir bei Bedarf eine l\u00fcckenlose Dokumentation und unterst\u00fctzen Sie bei allen logistischen Herausforderungen, um einen reibungslosen Ablauf sicherzustellen.<\/p><\/div><\/div>\n\t\t\t\t<\/div>\n\t\t\t\t\t\t\t<div class=\"elementor-toggle-item\">\n\t\t\t\t\t<div id=\"elementor-tab-title-1243\" class=\"elementor-tab-title\" data-tab=\"3\" role=\"button\" aria-controls=\"elementor-tab-content-1243\" aria-expanded=\"false\">\n\t\t\t\t\t\t\t\t\t\t\t\t<span class=\"elementor-toggle-icon elementor-toggle-icon-left\" aria-hidden=\"true\">\n\t\t\t\t\t\t\t\t\t\t\t\t\t\t\t<span class=\"elementor-toggle-icon-closed\"><i class=\"fas fa-caret-right\"><\/i><\/span>\n\t\t\t\t\t\t\t\t<span class=\"elementor-toggle-icon-opened\"><i class=\"elementor-toggle-icon-opened fas fa-caret-up\"><\/i><\/span>\n\t\t\t\t\t\t\t\t\t\t\t\t\t<\/span>\n\t\t\t\t\t\t\t\t\t\t\t\t<a class=\"elementor-toggle-title\" tabindex=\"0\">Schwer- & Spezialtransporte<\/a>\n\t\t\t\t\t<\/div>\n\n\t\t\t\t\t<div id=\"elementor-tab-content-1243\" class=\"elementor-tab-content elementor-clearfix\" data-tab=\"3\" role=\"region\" aria-labelledby=\"elementor-tab-title-1243\"><p class=\"p1\">Wir sind Ihr zuverl\u00e4ssiger Partner f\u00fcr Schwer- und Spezialtransporte auf globaler Ebene und bieten Ihnen detaillierte Planung, umfassende Beratung und eine perfekte Organisation.<\/p><p class=\"p1\">Egal ob per Land, Wasser oder Luft \u2013 wir transportieren Schwerlastg\u00fcter mit allen Verkehrstr\u00e4gern. Beispiele daf\u00fcr sind Stra\u00dfenbahnen aus Frankreich f\u00fcr die Metro in Budapest, Steinbrecheranlagen aus Nordirland nach Russland oder Fahrwerke und Radlader aus den USA in den Nahen und Mittleren Osten. Als erfahrener Projektspediteur k\u00fcmmern wir uns um die reibungslose Abwicklung komplexer Logistikprojekte.<\/p><p class=\"p1\">Profitieren Sie von unserem weltweiten Partnernetzwerk, dass es uns erm\u00f6glicht, Ihre G\u00fcter schnell, sorgf\u00e4ltig und kosteneffizient zu transportieren.<\/p><\/div>\n\t\t\t\t<\/div>\n\t\t\t\t\t\t\t<div class=\"elementor-toggle-item\">\n\t\t\t\t\t<div id=\"elementor-tab-title-1244\" class=\"elementor-tab-title\" data-tab=\"4\" role=\"button\" aria-controls=\"elementor-tab-content-1244\" aria-expanded=\"false\">\n\t\t\t\t\t\t\t\t\t\t\t\t<span class=\"elementor-toggle-icon elementor-toggle-icon-left\" aria-hidden=\"true\">\n\t\t\t\t\t\t\t\t\t\t\t\t\t\t\t<span class=\"elementor-toggle-icon-closed\"><i class=\"fas fa-caret-right\"><\/i><\/span>\n\t\t\t\t\t\t\t\t<span class=\"elementor-toggle-icon-opened\"><i class=\"elementor-toggle-icon-opened fas fa-caret-up\"><\/i><\/span>\n\t\t\t\t\t\t\t\t\t\t\t\t\t<\/span>\n\t\t\t\t\t\t\t\t\t\t\t\t<a class=\"elementor-toggle-title\" tabindex=\"0\">Genehmigungsservice<\/a>\n\t\t\t\t\t<\/div>\n\n\t\t\t\t\t<div id=\"elementor-tab-content-1244\" class=\"elementor-tab-content elementor-clearfix\" data-tab=\"4\" role=\"region\" aria-labelledby=\"elementor-tab-title-1244\"><p class=\"p1\">F\u00fcr die \u00dcberf\u00fchrung von Fahrzeugen, die aufgrund ihrer Bauart die zul\u00e4ssigen Ma\u00dfe und Gewichte \u00fcberschreiten, bieten wir Ihnen ein umfassendes Leistungspaket an. Dieses beinhaltet:<\/p><ul><li>Die Beantragung von Schwertransportgenehmigungen f\u00fcr das gesamte geografische Europa<\/li><li>Transportbegleitung durch BF-2- und BF-3-Fahrzeuge<\/li><li>Durchf\u00fchrung detaillierter Streckenerkundungen<\/li><li>Organisation verkehrslenkender Ma\u00dfnahmen sowie die Koordination von Polizeibegleitungen<\/li><\/ul><p class=\"p1\">Mit diesen Dienstleistungen sorgen wir daf\u00fcr, dass Ihr Schwertransport sicher und reibungslos abl\u00e4uft.<\/p><\/div>\n\t\t\t\t<\/div>\n\t\t\t\t\t\t\t<div class=\"elementor-toggle-item\">\n\t\t\t\t\t<div id=\"elementor-tab-title-1245\" class=\"elementor-tab-title\" data-tab=\"5\" role=\"button\" aria-controls=\"elementor-tab-content-1245\" aria-expanded=\"false\">\n\t\t\t\t\t\t\t\t\t\t\t\t<span class=\"elementor-toggle-icon elementor-toggle-icon-left\" aria-hidden=\"true\">\n\t\t\t\t\t\t\t\t\t\t\t\t\t\t\t<span class=\"elementor-toggle-icon-closed\"><i class=\"fas fa-caret-right\"><\/i><\/span>\n\t\t\t\t\t\t\t\t<span class=\"elementor-toggle-icon-opened\"><i class=\"elementor-toggle-icon-opened fas fa-caret-up\"><\/i><\/span>\n\t\t\t\t\t\t\t\t\t\t\t\t\t<\/span>\n\t\t\t\t\t\t\t\t\t\t\t\t<a class=\"elementor-toggle-title\" tabindex=\"0\">Seefracht<\/a>\n\t\t\t\t\t<\/div>\n\n\t\t\t\t\t<div id=\"elementor-tab-content-1245\" class=\"elementor-tab-content elementor-clearfix\" data-tab=\"5\" role=\"region\" aria-labelledby=\"elementor-tab-title-1245\"><p class=\"p1\">Wir \u00fcbernehmen f\u00fcr Sie die komplette Planung und Organisation der optimalen Verschiffung von der Abholung bis zum Zielhafen weltweit. F\u00fcr jedes Produkt oder Fahrzeug bieten wir Ihnen die passende Verschiffungs- und Verpackungsl\u00f6sung an, um einen sicheren Transport zu gew\u00e4hrleisten.<\/p><p class=\"p1\">Auch nach Ankunft im Zielland unterst\u00fctzen wir Sie gerne, insbesondere im Fahrzeugbereich, mit der Organisation der Nachl\u00e4ufe, sodass Ihre Sendung zuverl\u00e4ssig und termingerecht weitertransportiert wird.<\/p><\/div>\n\t\t\t\t<\/div>\n\t\t\t\t\t\t\t<div class=\"elementor-toggle-item\">\n\t\t\t\t\t<div id=\"elementor-tab-title-1246\" class=\"elementor-tab-title\" data-tab=\"6\" role=\"button\" aria-controls=\"elementor-tab-content-1246\" aria-expanded=\"false\">\n\t\t\t\t\t\t\t\t\t\t\t\t<span class=\"elementor-toggle-icon elementor-toggle-icon-left\" aria-hidden=\"true\">\n\t\t\t\t\t\t\t\t\t\t\t\t\t\t\t<span class=\"elementor-toggle-icon-closed\"><i class=\"fas fa-caret-right\"><\/i><\/span>\n\t\t\t\t\t\t\t\t<span class=\"elementor-toggle-icon-opened\"><i class=\"elementor-toggle-icon-opened fas fa-caret-up\"><\/i><\/span>\n\t\t\t\t\t\t\t\t\t\t\t\t\t<\/span>\n\t\t\t\t\t\t\t\t\t\t\t\t<a class=\"elementor-toggle-title\" tabindex=\"0\">Kombinierter Verkehr<\/a>\n\t\t\t\t\t<\/div>\n\n\t\t\t\t\t<div id=\"elementor-tab-content-1246\" class=\"elementor-tab-content elementor-clearfix\" data-tab=\"6\" role=\"region\" aria-labelledby=\"elementor-tab-title-1246\"><p class=\"p1\">Neben unserem Kerngesch\u00e4ft, der \u00dcberf\u00fchrung und dem Transport von LKWs, selbstfahrenden Arbeitsmaschinen, Bussen und Mobilkranen, haben wir uns ebenfalls auf den multimodalen Verkehr spezialisiert.<\/p><p class=\"p1\">Durch die Kombination verschiedener Transportmittel wie Stra\u00dfe, Schiff und Bahn stellen wir sicher, dass Ihre Fahrzeuge selbst die entlegensten Ziele weltweit erreichen.<\/p><p class=\"p1\">Wir w\u00fcrden uns freuen, auch Ihre \u201erollende\u201c Fracht bald f\u00fcr Sie in Bewegung zu setzen.<\/p><\/div>\n\t\t\t\t<\/div>\n\t\t\t\t\t\t\t\t\t\t<script type=\"application\/ld+json\">{\"@context\":\"https:\\\/\\\/schema.org\",\"@type\":\"FAQPage\",\"mainEntity\":[{\"@type\":\"Question\",\"name\":\"\\u00dcberf\\u00fchrung Nutz- & Sonderfahrzeugen\",\"acceptedAnswer\":{\"@type\":\"Answer\",\"text\":\"<p class=\\\"p1\\\">Wir \\u00fcbernehmen f\\u00fcr Sie weltweit die \\u00dcberf\\u00fchrung von Nutz- und Sonderfahrzeugen auf eigener Achse. Dazu z\\u00e4hlen unter anderem selbstfahrende Bohranlagen, Flugfeldtankwagen, Zweiwegefahrzeuge, Betonpumpen, Mobilkrane, Betonmischer, Wasserwerfer, Lebensmittel-Tankwagen, Kommunalfahrzeuge, Feuerwehrfahrzeuge sowie Sattelzugmaschinen und Trailer aller Marken und Kombinationen.<\\\/p><p class=\\\"p1\\\">Auf Wunsch bieten wir w\\u00e4hrend des Transportzeitraums eine Vollkaskoversicherung f\\u00fcr Ihre Fahrzeuge an. Zudem k\\u00fcmmern wir uns um die vollst\\u00e4ndige zollrechtliche Abwicklung, stellen \\u00dcberf\\u00fchrungskennzeichen bereit und dokumentieren den gesamten Prozess detailliert in \\u00dcbernahme- und \\u00dcbergabeprotokollen sowie Fotodokumentationen.<\\\/p>\"}},{\"@type\":\"Question\",\"name\":\"Transport Fahrzeuge & Maschinen\",\"acceptedAnswer\":{\"@type\":\"Answer\",\"text\":\"<div class=\\\"col-xs-12 col-sm-8\\\"><p class=\\\"p1\\\">Wir bieten Ihnen auch umfassende L\\u00f6sungen f\\u00fcr den Fahrzeugtransport an. Dazu geh\\u00f6ren sowohl der Transport von Fahrzeugen auf offenen als auch auf geschlossenen Autotransportern, je nach Ihren individuellen Bed\\u00fcrfnissen. Dar\\u00fcber hinaus \\u00fcbernehmen wir den Transport von Nutzfahrzeugen und kleineren LKWs mithilfe von LKW-Flachz\\u00fcgen, was besonders f\\u00fcr gr\\u00f6\\u00dfere oder spezielle Fahrzeuge ideal ist. Auch f\\u00fcr nicht fahrbereite Fahrzeuge bieten wir passende Transportm\\u00f6glichkeiten an, damit diese sicher und effizient an ihr Ziel gelangen. Zus\\u00e4tzlich gew\\u00e4hrleisten wir bei Bedarf eine l\\u00fcckenlose Dokumentation und unterst\\u00fctzen Sie bei allen logistischen Herausforderungen, um einen reibungslosen Ablauf sicherzustellen.<\\\/p><\\\/div>\"}},{\"@type\":\"Question\",\"name\":\"Schwer- & Spezialtransporte\",\"acceptedAnswer\":{\"@type\":\"Answer\",\"text\":\"<p class=\\\"p1\\\">Wir sind Ihr zuverl\\u00e4ssiger Partner f\\u00fcr Schwer- und Spezialtransporte auf globaler Ebene und bieten Ihnen detaillierte Planung, umfassende Beratung und eine perfekte Organisation.<\\\/p><p class=\\\"p1\\\">Egal ob per Land, Wasser oder Luft \\u2013 wir transportieren Schwerlastg\\u00fcter mit allen Verkehrstr\\u00e4gern. Beispiele daf\\u00fcr sind Stra\\u00dfenbahnen aus Frankreich f\\u00fcr die Metro in Budapest, Steinbrecheranlagen aus Nordirland nach Russland oder Fahrwerke und Radlader aus den USA in den Nahen und Mittleren Osten. Als erfahrener Projektspediteur k\\u00fcmmern wir uns um die reibungslose Abwicklung komplexer Logistikprojekte.<\\\/p><p class=\\\"p1\\\">Profitieren Sie von unserem weltweiten Partnernetzwerk, dass es uns erm\\u00f6glicht, Ihre G\\u00fcter schnell, sorgf\\u00e4ltig und kosteneffizient zu transportieren.<\\\/p>\"}},{\"@type\":\"Question\",\"name\":\"Genehmigungsservice\",\"acceptedAnswer\":{\"@type\":\"Answer\",\"text\":\"<p class=\\\"p1\\\">F\\u00fcr die \\u00dcberf\\u00fchrung von Fahrzeugen, die aufgrund ihrer Bauart die zul\\u00e4ssigen Ma\\u00dfe und Gewichte \\u00fcberschreiten, bieten wir Ihnen ein umfassendes Leistungspaket an. Dieses beinhaltet:<\\\/p><ul><li>Die Beantragung von Schwertransportgenehmigungen f\\u00fcr das gesamte geografische Europa<\\\/li><li>Transportbegleitung durch BF-2- und BF-3-Fahrzeuge<\\\/li><li>Durchf\\u00fchrung detaillierter Streckenerkundungen<\\\/li><li>Organisation verkehrslenkender Ma\\u00dfnahmen sowie die Koordination von Polizeibegleitungen<\\\/li><\\\/ul><p class=\\\"p1\\\">Mit diesen Dienstleistungen sorgen wir daf\\u00fcr, dass Ihr Schwertransport sicher und reibungslos abl\\u00e4uft.<\\\/p>\"}},{\"@type\":\"Question\",\"name\":\"Seefracht\",\"acceptedAnswer\":{\"@type\":\"Answer\",\"text\":\"<p class=\\\"p1\\\">Wir \\u00fcbernehmen f\\u00fcr Sie die komplette Planung und Organisation der optimalen Verschiffung von der Abholung bis zum Zielhafen weltweit. F\\u00fcr jedes Produkt oder Fahrzeug bieten wir Ihnen die passende Verschiffungs- und Verpackungsl\\u00f6sung an, um einen sicheren Transport zu gew\\u00e4hrleisten.<\\\/p><p class=\\\"p1\\\">Auch nach Ankunft im Zielland unterst\\u00fctzen wir Sie gerne, insbesondere im Fahrzeugbereich, mit der Organisation der Nachl\\u00e4ufe, sodass Ihre Sendung zuverl\\u00e4ssig und termingerecht weitertransportiert wird.<\\\/p>\"}},{\"@type\":\"Question\",\"name\":\"Kombinierter Verkehr\",\"acceptedAnswer\":{\"@type\":\"Answer\",\"text\":\"<p class=\\\"p1\\\">Neben unserem Kerngesch\\u00e4ft, der \\u00dcberf\\u00fchrung und dem Transport von LKWs, selbstfahrenden Arbeitsmaschinen, Bussen und Mobilkranen, haben wir uns ebenfalls auf den multimodalen Verkehr spezialisiert.<\\\/p><p class=\\\"p1\\\">Durch die Kombination verschiedener Transportmittel wie Stra\\u00dfe, Schiff und Bahn stellen wir sicher, dass Ihre Fahrzeuge selbst die entlegensten Ziele weltweit erreichen.<\\\/p><p class=\\\"p1\\\">Wir w\\u00fcrden uns freuen, auch Ihre \\u201erollende\\u201c Fracht bald f\\u00fcr Sie in Bewegung zu setzen.<\\\/p>\"}}]}<\/script>\n\t\t\t\t\t<\/div>\n\t\t\t\t\t\t<\/div>\n\t\t\t\t<\/div>\n\t\t\t\t\t<\/div>\n\t\t<\/div>\n\t\t\t\t\t<\/div>\n\t\t<\/section>\n\t\t\t\t<\/div>\n\t\t","protected":false},"excerpt":{"rendered":"<p>Unser Dienstleistungsportfolio Mit unserem umfangreichen Team aus qualifizierten Mitarbeitern bieten wir Ihnen ein breites Spektrum an ma\u00dfgeschneiderten Dienstleistungen. Als Ihr kompetenter Partner decken wir s\u00e4mtliche Transportbed\u00fcrfnisse ab \u2013 von der Fahrzeug\u00fcberf\u00fchrung per eigener Achse bis hin zur Abwicklung komplexer Logistikprojekte. Ob Schwertransporte, Spezialfahrten oder multimodaler Verkehr \u00fcber Stra\u00dfe, Schiene und See \u2013 wir verf\u00fcgen \u00fcber [&hellip;]<\/p>\n","protected":false},"author":1,"featured_media":582,"parent":0,"menu_order":0,"comment_status":"closed","ping_status":"closed","template":"","meta":{"inline_featured_image":false,"footnotes":""},"class_list":["post-288","page","type-page","status-publish","has-post-thumbnail","hentry"],"_links":{"self":[{"href":"https:\/\/www.hd-logistics.de\/en\/wp-json\/wp\/v2\/pages\/288","targetHints":{"allow":["GET"]}}],"collection":[{"href":"https:\/\/www.hd-logistics.de\/en\/wp-json\/wp\/v2\/pages"}],"about":[{"href":"https:\/\/www.hd-logistics.de\/en\/wp-json\/wp\/v2\/types\/page"}],"author":[{"embeddable":true,"href":"https:\/\/www.hd-logistics.de\/en\/wp-json\/wp\/v2\/users\/1"}],"replies":[{"embeddable":true,"href":"https:\/\/www.hd-logistics.de\/en\/wp-json\/wp\/v2\/comments?post=288"}],"version-history":[{"count":0,"href":"https:\/\/www.hd-logistics.de\/en\/wp-json\/wp\/v2\/pages\/288\/revisions"}],"wp:featuredmedia":[{"embeddable":true,"href":"https:\/\/www.hd-logistics.de\/en\/wp-json\/wp\/v2\/media\/582"}],"wp:attachment":[{"href":"https:\/\/www.hd-logistics.de\/en\/wp-json\/wp\/v2\/media?parent=288"}],"curies":[{"name":"wp","href":"https:\/\/api.w.org\/{rel}","templated":true}]}}